{"id":165,"date":"2022-09-27T19:28:23","date_gmt":"2022-09-27T19:28:23","guid":{"rendered":"https:\/\/auli-hof.ch\/?page_id=165"},"modified":"2024-04-28T18:55:05","modified_gmt":"2024-04-28T18:55:05","slug":"schulangebot","status":"publish","type":"page","link":"https:\/\/auli-hof.ch\/?page_id=165","title":{"rendered":"Schulangebot"},"content":{"rendered":"\n<p>Schulklassen vom Kindergarten bis zur 6. Klasse m\u00f6chten wir die Freude an der Natur, gesunde Ern\u00e4hrung und den Gedanken der Nachhaltigkeit gerne n\u00e4herbringen. W\u00e4hrend eines halben Tages oder einer Ganztagesexkursionen k\u00f6nnen verschiedene Erfahrungen gesammelt werden.<\/p>\n\n\n\n<h2 class=\"wp-block-heading\">Exkursion &#8222;Apfel-Saft&#8220;<\/h2>\n\n\n\n<p>Die Kinder erfahren, was es alles braucht, bis der Apfelsaft fixfertig zum Verkauf steht.<br>Ganz nach ihren Bed\u00fcrfnissen und den Vorkenntnissen der Sch\u00fclerinnen und Sch\u00fcler bieten wir verschiedene Programmpunkte:<br>&#8211; Den Sortengarten selbst anhand von Apfelr\u00e4tseln erkunden<br>&#8211; Mithilfe beim Zusammenlesen der \u00c4pfel<br>&#8211; Hintergrundwissen zum Apfel<br>&#8211; Degustation verschiedener Apfelsorten<br>&#8211; Mithilfe beim Pressen der \u00c4pfel<br>&#8211; Verschiedene Spiele rund um den Apfel<br>&#8211; Erstellen der eigenen Apfelsaftetikette<br><br>Selbstverst\u00e4ndlich d\u00fcrfen die Kinder eine Probierflasche frisch gepressten Apfelsafts mit nach Hause nehmen!<\/p>\n\n\n\n<h2 class=\"wp-block-heading\">Exkursion &#8222;auf dem Boden w\u00e4chst Gras &#8211; und im Boden?&#8220;<\/h2>\n\n\n\n<p>Die Kinder erfahren, was auf unseren Wiesen alles w\u00e4chst und wof\u00fcr welche Pflanzen wichtig sind. Sie werden sensibilisiert, genauer hinzuschauen und die Wichtigkeit der kleinsten Lebewesen zu verstehen.<br>Ganz nach den Bed\u00fcrfnissen und den Vorkenntnissen der Sch\u00fclerinnen und Sch\u00fcler bieten wir verschiedene Programmpunkte:<br>&#8211; Pflanzenkunde<br>&#8211; Bodenkunde mit Bodenlebewesen<br>&#8211; Bodenbeurteilung<br>&#8211; Mithilfe bei der Weidepflege<br>&#8211; M\u00f6glichkeit, f\u00fcr bestimmte Tiere einen Unterschlupf zu bauen oder bestehende Biotope zu pflegen<\/p>\n\n\n\n<p>Gerne beraten wir dich und geben Auskunft unter 071 985 02 38.<\/p>\n\n\n\n<div class=\"wp-block-contact-form-7-contact-form-selector\">\n<div class=\"wpcf7 no-js\" id=\"wpcf7-f373-o1\" lang=\"de-CH\" dir=\"ltr\" data-wpcf7-id=\"373\">\n<div class=\"screen-reader-response\"><p role=\"status\" aria-live=\"polite\" aria-atomic=\"true\"><\/p> <ul><\/ul><\/div>\n<form action=\"\/index.php?rest_route=%2Fwp%2Fv2%2Fpages%2F165#wpcf7-f373-o1\" method=\"post\" class=\"wpcf7-form init\" aria-label=\"Contact form\" novalidate=\"novalidate\" data-status=\"init\">\n<div style=\"display: none;\">\n<input type=\"hidden\" name=\"_wpcf7\" value=\"373\" \/>\n<input type=\"hidden\" name=\"_wpcf7_version\" value=\"6.0.3\" \/>\n<input type=\"hidden\" name=\"_wpcf7_locale\" value=\"de_CH_informal\" \/>\n<input type=\"hidden\" name=\"_wpcf7_unit_tag\" value=\"wpcf7-f373-o1\" \/>\n<input type=\"hidden\" name=\"_wpcf7_container_post\" value=\"0\" \/>\n<input type=\"hidden\" name=\"_wpcf7_posted_data_hash\" value=\"\" \/>\n<input type=\"hidden\" name=\"_wpcf7_recaptcha_response\" value=\"\" \/>\n<\/div>\n<p>Ich interessiere mich f\u00fcr das Schulangebot<br \/>\n<span class=\"wpcf7-form-control-wrap\" data-name=\"checkbox-231\"><span class=\"wpcf7-form-control wpcf7-checkbox wpcf7-validates-as-required\" id=\"Kursangebot\"><span class=\"wpcf7-list-item first\"><label><input type=\"checkbox\" name=\"checkbox-231[]\" value=\"Exkursion Apfel-Saft\" \/><span class=\"wpcf7-list-item-label\">Exkursion Apfel-Saft<\/span><\/label><\/span><span class=\"wpcf7-list-item last\"><label><input type=\"checkbox\" name=\"checkbox-231[]\" value=\"Exkursion auf dem Boden w\u00e4chst Gras \u2013 und im Boden?\" \/><span class=\"wpcf7-list-item-label\">Exkursion auf dem Boden w\u00e4chst Gras \u2013 und im Boden?<\/span><\/label><\/span><\/span><\/span>\n<\/p>\n<p><label>Vor- und Nachname<br \/>\n<span class=\"wpcf7-form-control-wrap\" data-name=\"vorname\"><input size=\"40\" maxlength=\"400\" class=\"wpcf7-form-control wpcf7-text wpcf7-validates-as-required\" aria-required=\"true\" aria-invalid=\"false\" value=\"\" type=\"text\" name=\"vorname\" \/><\/span> <\/label>\n<\/p>\n<p><label>E-Mail Adresse<br \/>\n<span class=\"wpcf7-form-control-wrap\" data-name=\"email\"><input size=\"40\" maxlength=\"400\" class=\"wpcf7-form-control wpcf7-email wpcf7-validates-as-required wpcf7-text wpcf7-validates-as-email\" aria-required=\"true\" aria-invalid=\"false\" value=\"\" type=\"email\" name=\"email\" \/><\/span> <\/label>\n<\/p>\n<p><input class=\"wpcf7-form-control wpcf7-submit has-spinner\" type=\"submit\" value=\"Senden\" \/>\n<\/p><div class=\"wpcf7-response-output\" aria-hidden=\"true\"><\/div>\n<\/form>\n<\/div>\n<\/div>\n","protected":false},"excerpt":{"rendered":"<p>Schulklassen vom Kindergarten bis zur 6. Klasse m\u00f6chten wir die Freude an der Natur, gesunde Ern\u00e4hrung und den Gedanken der Nachhaltigkeit gerne n\u00e4herbringen. W\u00e4hrend eines halben Tages oder einer Ganztagesexkursionen k\u00f6nnen verschiedene Erfahrungen gesammelt werden. Exkursion &#8222;Apfel-Saft&#8220; Die Kinder erfahren, was es alles braucht, bis der Apfelsaft fixfertig zum Verkauf steht.Ganz nach ihren Bed\u00fcrfnissen und&hellip;&nbsp;<a href=\"https:\/\/auli-hof.ch\/?page_id=165\" rel=\"bookmark\">Weiterlesen &raquo;<span class=\"screen-reader-text\">Schulangebot<\/span><\/a><\/p>\n","protected":false},"author":1,"featured_media":0,"parent":0,"menu_order":0,"comment_status":"closed","ping_status":"closed","template":"","meta":{"neve_meta_sidebar":"","neve_meta_container":"","neve_meta_enable_content_width":"","neve_meta_content_width":0,"neve_meta_title_alignment":"","neve_meta_author_avatar":"","neve_post_elements_order":"","neve_meta_disable_header":"","neve_meta_disable_footer":"","neve_meta_disable_title":"","footnotes":""},"class_list":["post-165","page","type-page","status-publish","hentry"],"_links":{"self":[{"href":"https:\/\/auli-hof.ch\/index.php?rest_route=\/wp\/v2\/pages\/165","targetHints":{"allow":["GET"]}}],"collection":[{"href":"https:\/\/auli-hof.ch\/index.php?rest_route=\/wp\/v2\/pages"}],"about":[{"href":"https:\/\/auli-hof.ch\/index.php?rest_route=\/wp\/v2\/types\/page"}],"author":[{"embeddable":true,"href":"https:\/\/auli-hof.ch\/index.php?rest_route=\/wp\/v2\/users\/1"}],"replies":[{"embeddable":true,"href":"https:\/\/auli-hof.ch\/index.php?rest_route=%2Fwp%2Fv2%2Fcomments&post=165"}],"version-history":[{"count":13,"href":"https:\/\/auli-hof.ch\/index.php?rest_route=\/wp\/v2\/pages\/165\/revisions"}],"predecessor-version":[{"id":448,"href":"https:\/\/auli-hof.ch\/index.php?rest_route=\/wp\/v2\/pages\/165\/revisions\/448"}],"wp:attachment":[{"href":"https:\/\/auli-hof.ch\/index.php?rest_route=%2Fwp%2Fv2%2Fmedia&parent=165"}],"curies":[{"name":"wp","href":"https:\/\/api.w.org\/{rel}","templated":true}]}}